{"id":65,"date":"2020-05-24T23:00:27","date_gmt":"2020-05-24T23:00:27","guid":{"rendered":"http:\/\/hdcomp.hu\/?page_id=65"},"modified":"2023-10-12T22:16:48","modified_gmt":"2023-10-12T22:16:48","slug":"szolgaltatasok","status":"publish","type":"page","link":"https:\/\/hdcomp.hu\/index.php\/szolgaltatasok\/","title":{"rendered":"Szolg\u00e1ltat\u00e1sok"},"content":{"rendered":"\n<ul><li>Sz\u00e1m\u00edt\u00f3g\u00e9p jav\u00edt\u00e1sa, telep\u00edt\u00e9se, v\u00edrus\u00edrt\u00e1s, b\u0151v\u00edt\u00e9s<\/li><li>T\u00e1blag\u00e9p jav\u00edt\u00e1sa, bet\u00f6rt kijelz\u0151 cser\u00e9je, t\u00f6lt\u00e9si hib\u00e1k, akku jav\u00edt\u00e1sa<\/li><li>Okostelefon kijelz\u0151\/h\u00e1tlap cser\u00e9je, akkumul\u00e1tor, t\u00f6lt\u0151csatlakoz\u00f3 jav\u00edt\u00e1sa<\/li><li>Dr\u00f3n t\u00f6r\u00e9s, zuhan\u00e1s ut\u00e1ni jav\u00edt\u00e1sa<\/li><li>F\u00e9nyk\u00e9pez\u0151g\u00e9p, objekt\u00edv, vide\u00f3kamera jav\u00edt\u00e1sa<\/li><li>C\u00e9ges sz\u00e1m\u00edt\u00f3g\u00e9pek alkalmi vagy \u00e1tal\u00e1nyd\u00edjas karbantart\u00e1sa, jav\u00edt\u00e1sa<\/li><li>Haszn\u00e1lt sz\u00e1m\u00edt\u00f3g\u00e9pek \u00e9a alkatr\u00e9szek ad\u00e1s-v\u00e9tele<\/li><\/ul>\n\n\n\n<p>Valamint asztali sz\u00e1m\u00edt\u00f3g\u00e9pek munk\u00e1hoz vagy j\u00e1t\u00e9khoz megrendel\u00e9sre t\u00f6rt\u00e9n\u0151 \u00f6ssze\u00e9p\u00edt\u00e9se az alkatr\u00e9szek beszerz\u00e9s\u00e9vel egy\u00fctt.<\/p>\n\n\n\n<figure class=\"wp-block-image size-large\"><img loading=\"lazy\" decoding=\"async\" width=\"1024\" height=\"768\" src=\"http:\/\/hdcomp.hu\/wp-content\/uploads\/2020\/05\/IMG_20200520_195229-1024x768.jpg\" alt=\"\" class=\"wp-image-66\" srcset=\"https:\/\/hdcomp.hu\/wp-content\/uploads\/2020\/05\/IMG_20200520_195229-1024x768.jpg 1024w, https:\/\/hdcomp.hu\/wp-content\/uploads\/2020\/05\/IMG_20200520_195229-scaled-600x450.jpg 600w, https:\/\/hdcomp.hu\/wp-content\/uploads\/2020\/05\/IMG_20200520_195229-300x225.jpg 300w, https:\/\/hdcomp.hu\/wp-content\/uploads\/2020\/05\/IMG_20200520_195229-768x576.jpg 768w, https:\/\/hdcomp.hu\/wp-content\/uploads\/2020\/05\/IMG_20200520_195229-1536x1152.jpg 1536w, https:\/\/hdcomp.hu\/wp-content\/uploads\/2020\/05\/IMG_20200520_195229-2048x1536.jpg 2048w\" sizes=\"(max-width: 1024px) 100vw, 1024px\" \/><\/figure>\n\n\n\n<p>B\u00e1rmilyen elektronikai eszk\u00f6z hibakeres\u00e9se, valamint amennyiben megoldhat\u00f3, annak jav\u00edt\u00e1sa.<\/p>\n\n\n\n<p><\/p>\n","protected":false},"excerpt":{"rendered":"<p>Sz\u00e1m\u00edt\u00f3g\u00e9p jav\u00edt\u00e1sa, telep\u00edt\u00e9se, v\u00edrus\u00edrt\u00e1s, b\u0151v\u00edt\u00e9s T\u00e1blag\u00e9p jav\u00edt\u00e1sa, bet\u00f6rt kijelz\u0151 cser\u00e9je, t\u00f6lt\u00e9si hib\u00e1k, akku jav\u00edt\u00e1sa Okostelefon kijelz\u0151\/h\u00e1tlap cser\u00e9je, akkumul\u00e1tor, t\u00f6lt\u0151csatlakoz\u00f3 jav\u00edt\u00e1sa Dr\u00f3n t\u00f6r\u00e9s, zuhan\u00e1s ut\u00e1ni jav\u00edt\u00e1sa F\u00e9nyk\u00e9pez\u0151g\u00e9p, objekt\u00edv, vide\u00f3kamera jav\u00edt\u00e1sa C\u00e9ges sz\u00e1m\u00edt\u00f3g\u00e9pek alkalmi vagy \u00e1tal\u00e1nyd\u00edjas karbantart\u00e1sa, jav\u00edt\u00e1sa Haszn\u00e1lt sz\u00e1m\u00edt\u00f3g\u00e9pek \u00e9a alkatr\u00e9szek ad\u00e1s-v\u00e9tele Valamint asztali sz\u00e1m\u00edt\u00f3g\u00e9pek munk\u00e1hoz vagy j\u00e1t\u00e9khoz megrendel\u00e9sre t\u00f6rt\u00e9n\u0151 \u00f6ssze\u00e9p\u00edt\u00e9se az alkatr\u00e9szek beszerz\u00e9s\u00e9vel egy\u00fctt. B\u00e1rmilyen [&hellip;]<\/p>\n","protected":false},"author":1,"featured_media":0,"parent":0,"menu_order":0,"comment_status":"closed","ping_status":"closed","template":"","meta":{"footnotes":""},"_links":{"self":[{"href":"https:\/\/hdcomp.hu\/index.php\/wp-json\/wp\/v2\/pages\/65"}],"collection":[{"href":"https:\/\/hdcomp.hu\/index.php\/wp-json\/wp\/v2\/pages"}],"about":[{"href":"https:\/\/hdcomp.hu\/index.php\/wp-json\/wp\/v2\/types\/page"}],"author":[{"embeddable":true,"href":"https:\/\/hdcomp.hu\/index.php\/wp-json\/wp\/v2\/users\/1"}],"replies":[{"embeddable":true,"href":"https:\/\/hdcomp.hu\/index.php\/wp-json\/wp\/v2\/comments?post=65"}],"version-history":[{"count":2,"href":"https:\/\/hdcomp.hu\/index.php\/wp-json\/wp\/v2\/pages\/65\/revisions"}],"predecessor-version":[{"id":152,"href":"https:\/\/hdcomp.hu\/index.php\/wp-json\/wp\/v2\/pages\/65\/revisions\/152"}],"wp:attachment":[{"href":"https:\/\/hdcomp.hu\/index.php\/wp-json\/wp\/v2\/media?parent=65"}],"curies":[{"name":"wp","href":"https:\/\/api.w.org\/{rel}","templated":true}]}}